{"id":15767413,"date":"2025-03-01T09:58:50","date_gmt":"2025-03-01T08:58:50","guid":{"rendered":"https:\/\/szoroajandekok.hu\/?post_type=product&#038;p=15767413"},"modified":"2025-03-01T11:38:25","modified_gmt":"2025-03-01T10:38:25","slug":"cubratus-rpet-esernyo","status":"publish","type":"product","link":"https:\/\/szoroajandekok.hu\/index.php\/termek\/cubratus-rpet-esernyo\/","title":{"rendered":"Cubratus RPET eserny\u0151"},"content":{"rendered":"<p>Automata, sz\u00e9l\u00e1ll\u00f3 eserny\u0151 8 panellel, \u00fcvegsz\u00e1las kerettel, f\u00e9m ny\u00e9llel \u00e9s \u00edvelt ABS foganty\u00faval. 190T RPET pongee. Megk\u00fcl\u00f6nb\u00f6ztet\u0151 RPET c\u00edmk\u00e9vel.<\/p>\n","protected":false},"excerpt":{"rendered":"<p>Automata, sz\u00e9l\u00e1ll\u00f3 eserny\u0151 8 panellel, \u00fcvegsz\u00e1las kerettel, f\u00e9m ny\u00e9llel \u00e9s \u00edvelt ABS foganty\u00faval. 190T RPET pongee. Megk\u00fcl\u00f6nb\u00f6ztet\u0151 RPET c\u00edmk\u00e9vel.<\/p>\n","protected":false},"featured_media":15767414,"comment_status":"open","ping_status":"closed","template":"","meta":{"_et_pb_use_builder":"","_et_pb_old_content":"","_et_gb_content_width":""},"product_brand":[],"product_cat":[24],"product_tag":[],"class_list":{"0":"post-15767413","1":"product","2":"type-product","3":"status-publish","4":"has-post-thumbnail","6":"product_cat-egyeb","8":"first","9":"instock","10":"shipping-taxable","11":"purchasable","12":"product-type-variable","13":"has-default-attributes"},"_links":{"self":[{"href":"https:\/\/szoroajandekok.hu\/index.php\/wp-json\/wp\/v2\/product\/15767413","targetHints":{"allow":["GET"]}}],"collection":[{"href":"https:\/\/szoroajandekok.hu\/index.php\/wp-json\/wp\/v2\/product"}],"about":[{"href":"https:\/\/szoroajandekok.hu\/index.php\/wp-json\/wp\/v2\/types\/product"}],"replies":[{"embeddable":true,"href":"https:\/\/szoroajandekok.hu\/index.php\/wp-json\/wp\/v2\/comments?post=15767413"}],"wp:featuredmedia":[{"embeddable":true,"href":"https:\/\/szoroajandekok.hu\/index.php\/wp-json\/wp\/v2\/media\/15767414"}],"wp:attachment":[{"href":"https:\/\/szoroajandekok.hu\/index.php\/wp-json\/wp\/v2\/media?parent=15767413"}],"wp:term":[{"taxonomy":"product_brand","embeddable":true,"href":"https:\/\/szoroajandekok.hu\/index.php\/wp-json\/wp\/v2\/product_brand?post=15767413"},{"taxonomy":"product_cat","embeddable":true,"href":"https:\/\/szoroajandekok.hu\/index.php\/wp-json\/wp\/v2\/product_cat?post=15767413"},{"taxonomy":"product_tag","embeddable":true,"href":"https:\/\/szoroajandekok.hu\/index.php\/wp-json\/wp\/v2\/product_tag?post=15767413"}],"curies":[{"name":"wp","href":"https:\/\/api.w.org\/{rel}","templated":true}]}}