{"id":15767796,"date":"2025-08-07T10:56:41","date_gmt":"2025-08-07T08:56:41","guid":{"rendered":"https:\/\/szoroajandekok.hu\/?page_id=15767796"},"modified":"2025-08-07T11:59:50","modified_gmt":"2025-08-07T09:59:50","slug":"emblemazas","status":"publish","type":"page","link":"https:\/\/szoroajandekok.hu\/index.php\/emblemazas\/","title":{"rendered":"Embl\u00e9m\u00e1z\u00e1s"},"content":{"rendered":"<p>[et_pb_section fb_built=&#8221;1&#8243; admin_label=&#8221;Hero Section&#8221; _builder_version=&#8221;4.27.4&#8243; use_background_color_gradient=&#8221;on&#8221; background_color_gradient_stops=&#8221;rgba(0,0,0,0.4) 0%|rgba(0,0,0,0.4) 100%&#8221; background_color_gradient_overlays_image=&#8221;on&#8221; background_color_gradient_start=&#8221;rgba(0,0,0,0.4)&#8221; background_color_gradient_end=&#8221;rgba(0,0,0,0.4)&#8221; background_image=&#8221;https:\/\/szoroajandekok.hu\/wp-content\/uploads\/2025\/08\/writer-05.jpg&#8221; background_position=&#8221;center_right&#8221; custom_padding=&#8221;6%||6%|&#8221; bottom_divider_height=&#8221;60px&#8221; global_colors_info=&#8221;{}&#8221; background_color_gradient_direction__hover=&#8221;180deg&#8221; background_color_gradient_direction__hover_enabled=&#8221;180deg&#8221; background_color_gradient_start_position__hover=&#8221;0%&#8221; background_color_gradient_start_position__hover_enabled=&#8221;0%&#8221; background_color_gradient_end_position__hover=&#8221;100%&#8221; background_color_gradient_end_position__hover_enabled=&#8221;100%&#8221; background_color_gradient_stops__hover=&#8221;rgba(0,0,0,0.4) 0%|rgba(0,0,0,0.4) 100%&#8221;][et_pb_row admin_label=&#8221;Page Title Area&#8221; _builder_version=&#8221;4.16&#8243; global_colors_info=&#8221;{}&#8221;][et_pb_column type=&#8221;4_4&#8243; _builder_version=&#8221;4.16&#8243; custom_padding=&#8221;|||&#8221; global_colors_info=&#8221;{}&#8221; custom_padding__hover=&#8221;|||&#8221;][et_pb_text admin_label=&#8221;Hero Section Title&#8221; _builder_version=&#8221;4.27.4&#8243; text_font_size=&#8221;18px&#8221; text_line_height=&#8221;1.8em&#8221; header_font=&#8221;Montserrat|600||on|||||&#8221; header_font_size=&#8221;48px&#8221; header_letter_spacing=&#8221;3px&#8221; header_line_height=&#8221;1.3em&#8221; header_2_font=&#8221;Montserrat|700|||||||&#8221; header_2_text_color=&#8221;rgba(255,255,255,0.6)&#8221; header_2_font_size=&#8221;90px&#8221; header_2_letter_spacing=&#8221;3px&#8221; header_2_line_height=&#8221;1.1em&#8221; text_orientation=&#8221;center&#8221; background_layout=&#8221;dark&#8221; max_width=&#8221;700px&#8221; module_alignment=&#8221;center&#8221; custom_margin=&#8221;|||&#8221; animation_style=&#8221;fade&#8221; animation_direction=&#8221;bottom&#8221; hover_enabled=&#8221;0&#8243; header_font_size_tablet=&#8221;&#8221; header_font_size_phone=&#8221;28px&#8221; header_font_size_last_edited=&#8221;on|phone&#8221; header_2_font_size_tablet=&#8221;&#8221; header_2_font_size_phone=&#8221;50px&#8221; header_2_font_size_last_edited=&#8221;on|phone&#8221; global_colors_info=&#8221;{}&#8221; text_text_color=&#8221;#FFFFFF&#8221; sticky_enabled=&#8221;0&#8243;]<\/p>\n<h1>EMBL\u00c9M\u00c1Z\u00c1S<\/h1>\n<p><span>Az embl\u00e9m\u00e1z\u00e1s hat\u00e9kony marketing eszk\u00f6z, amely hossz\u00fa t\u00e1von \u00e9p\u00edti a m\u00e1rka ismerts\u00e9g\u00e9t. A log\u00f3 vagy c\u00e9ges \u00fczenet felhelyez\u00e9s\u00e9vel a mindennapi term\u00e9k szem\u00e9lyes kapcsolatot teremt az \u00fcgyfelekkel, mik\u00f6zben folyamatosan eml\u00e9kezteti \u0151ket v\u00e1llalkoz\u00e1s\u00e1ra. Milyen lehet\u0151s\u00e9gek vannak?<\/span><\/p>\n<p>[\/et_pb_text][\/et_pb_column][\/et_pb_row][\/et_pb_section][et_pb_section fb_built=&#8221;1&#8243; admin_label=&#8221;FAQ Section&#8221; _builder_version=&#8221;4.16&#8243; custom_padding=&#8221;90px||1px|||&#8221; global_colors_info=&#8221;{}&#8221;][et_pb_row admin_label=&#8221;FAQ&#8221; _builder_version=&#8221;4.27.4&#8243; width_tablet=&#8221;90%&#8221; width_phone=&#8221;90%&#8221; width_last_edited=&#8221;on|desktop&#8221; max_width=&#8221;900px&#8221; use_custom_width=&#8221;on&#8221; custom_width_px=&#8221;900px&#8221; global_colors_info=&#8221;{}&#8221;][et_pb_column type=&#8221;4_4&#8243; _builder_version=&#8221;4.16&#8243; custom_padding=&#8221;|||&#8221; global_colors_info=&#8221;{}&#8221; custom_padding__hover=&#8221;|||&#8221;][et_pb_accordion open_toggle_background_color=&#8221;rgba(0,0,0,0.03)&#8221; closed_toggle_background_color=&#8221;rgba(0,0,0,0)&#8221; icon_color=&#8221;#f46624&#8243; _builder_version=&#8221;4.27.4&#8243; toggle_text_color=&#8221;#333333&#8243; toggle_font=&#8221;Montserrat|600|||||||&#8221; toggle_line_height=&#8221;1.5em&#8221; closed_toggle_font=&#8221;Montserrat|600|||||||&#8221; body_font=&#8221;Montserrat||||||||&#8221; body_line_height=&#8221;1.8em&#8221; border_radii=&#8221;on|14px|14px|14px|14px&#8221; border_style_all=&#8221;none&#8221; global_colors_info=&#8221;{}&#8221;][et_pb_accordion_item title=&#8221;UV nyomtat\u00e1s&#8221; open=&#8221;on&#8221; _builder_version=&#8221;4.27.4&#8243; global_colors_info=&#8221;{}&#8221;]<\/p>\n<p><span>A legmodernebb UV nyomtat\u00e1si technol\u00f3gia seg\u00edts\u00e9g\u00e9vel k\u00f6zvetlen nyomtat\u00e1st v\u00e9gz\u00fcnk sz\u00e1mos fel\u00fcletre. Kiv\u00e1l\u00f3 min\u0151s\u00e9g\u0171, \u00e9l\u00e9nk sz\u00ednekkel reproduk\u00e1lja a leg\u00f6sszetettebb grafik\u00e1kat is. A k\u00fcl\u00f6nb\u00f6z\u0151 anyagokra alkalmazhat\u00f3 elj\u00e1r\u00e1s rendk\u00edv\u00fcl tart\u00f3s \u00e9s id\u0151j\u00e1r\u00e1s\u00e1ll\u00f3 eredm\u00e9nyt biztos\u00edt. Ide\u00e1lis v\u00e1laszt\u00e1s r\u00e9szletgazdag log\u00f3k \u00e9s teljes sz\u00edn\u0171 k\u00e9pek embl\u00e9m\u00e1z\u00e1s\u00e1hoz.<\/span><\/p>\n<p>[\/et_pb_accordion_item][et_pb_accordion_item title=&#8221;Grav\u00edroz\u00e1s&#8221; _builder_version=&#8221;4.27.4&#8243; global_colors_info=&#8221;{}&#8221; open=&#8221;off&#8221;]<\/p>\n<p><span>A grav\u00edroz\u00e1s a legeleg\u00e1nsabb \u00e9s legtart\u00f3sabb embl\u00e9m\u00e1z\u00e1si m\u00f3dszer, amely l\u00e9zertechnol\u00f3gi\u00e1val k\u00e9sz\u00fcl. F\u00e9mt\u00e1rgyakon, fa fel\u00fcleteken \u00e9s \u00fcvegterm\u00e9keken egyar\u00e1nt alkalmazhat\u00f3 prec\u00edz kivitelez\u00e9ssel. Az anyagba m\u00e9lyed\u0151 felirat vagy logo id\u0151t\u00e1ll\u00f3 \u00e9s k\u00fcl\u00f6n\u00f6sen reprezentat\u00edv megjelen\u00e9st biztos\u00edt. K\u00fcl\u00f6n\u00f6sen aj\u00e1nlott pr\u00e9mium kateg\u00f3ri\u00e1s \u00fczleti aj\u00e1nd\u00e9kokhoz \u00e9s eml\u00e9klapokhoz.<\/span><\/p>\n<p>[\/et_pb_accordion_item][et_pb_accordion_item title=&#8221;Szitanyom\u00e1s&#8221; _builder_version=&#8221;4.27.4&#8243; global_colors_info=&#8221;{}&#8221; open=&#8221;off&#8221;]<\/p>\n<p><span>A szitanyom\u00e1s a leggyakrabban alkalmazott textil embl\u00e9m\u00e1z\u00e1si technika. Kiv\u00e1l\u00f3 fed\u0151k\u00e9pess\u00e9ggel rendelkezik \u00e9s \u00e9l\u00e9nk, tart\u00f3s sz\u00edneket eredm\u00e9nyez. Nagyobb mennyis\u00e9g\u0171 rendel\u00e9sekn\u00e9l k\u00fcl\u00f6n\u00f6sen k\u00f6lts\u00e9ghat\u00e9kony megold\u00e1s. A m\u00f3dszer alkalmas egyszer\u0171 log\u00f3kt\u00f3l a t\u00f6bbsz\u00edn\u0171 grafik\u00e1kig sz\u00e9les spektrum\u00fa embl\u00e9m\u00e1z\u00e1si feladatokra.<\/span><\/p>\n<p>[\/et_pb_accordion_item][et_pb_accordion_item title=&#8221;Tamponnyom\u00e1s&#8221; _builder_version=&#8221;4.27.4&#8243; global_colors_info=&#8221;{}&#8221; open=&#8221;off&#8221;]<\/p>\n<p><span>A tamponnyom\u00e1s rugalmas szilikontampon seg\u00edts\u00e9g\u00e9vel viszi \u00e1t a fest\u00e9ket a term\u00e9k fel\u00fclet\u00e9re. K\u00fcl\u00f6n\u00f6sen alkalmas egyenetlen, dombor\u00fa vagy m\u00e9ly\u00edtett fel\u00fcletek embl\u00e9m\u00e1z\u00e1s\u00e1hoz. A m\u00f3dszer prec\u00edz \u00e9s tart\u00f3s eredm\u00e9nyt biztos\u00edt kisebb m\u00e9ret\u0171 log\u00f3k eset\u00e9n. Sz\u00e9les k\u00f6rben haszn\u00e1lhat\u00f3 k\u00fcl\u00f6nb\u00f6z\u0151 anyagok embl\u00e9m\u00e1z\u00e1s\u00e1n\u00e1l, m\u0171anyagt\u00f3l a f\u00e9men \u00e1t a ker\u00e1mi\u00e1n kereszt\u00fcl.<\/span><\/p>\n<p>[\/et_pb_accordion_item][et_pb_accordion_item title=&#8221;B\u00f6gre embl\u00e9m\u00e1z\u00e1s&#8221; _builder_version=&#8221;4.27.4&#8243; global_colors_info=&#8221;{}&#8221; open=&#8221;off&#8221;]<\/p>\n<p><span>Speci\u00e1lis ker\u00e1mia \u00e9s \u00fcveg nyomtat\u00e1si technol\u00f3gi\u00e1val k\u00e9sz\u00fcl\u0151 embl\u00e9m\u00e1z\u00e1s. A magas h\u0151m\u00e9rs\u00e9kleten r\u00f6gz\u00edtett nyomat mosogat\u00f3g\u00e9p-\u00e1ll\u00f3 \u00e9s karcmentes. Teljes sz\u00edn\u0171 grafik\u00e1k \u00e9s egyszer\u0171 log\u00f3k egyar\u00e1nt reproduk\u00e1lhat\u00f3k kiv\u00e1l\u00f3 min\u0151s\u00e9gben. K\u00fcl\u00f6n\u00f6sen n\u00e9pszer\u0171 v\u00e1laszt\u00e1s c\u00e9ges aj\u00e1nd\u00e9kokhoz \u00e9s prom\u00f3ci\u00f3s kamp\u00e1nyokhoz.<\/span><\/p>\n<p>[\/et_pb_accordion_item][et_pb_accordion_item title=&#8221;H\u00edmz\u00e9s&#8221; _builder_version=&#8221;4.27.4&#8243; global_colors_info=&#8221;{}&#8221; open=&#8221;off&#8221;]<\/p>\n<p><span>A h\u00edmz\u00e9s a legkifinomultabb textil embl\u00e9m\u00e1z\u00e1si technika, amely k\u00fcl\u00f6n\u00f6sen reprezentat\u00edv megjelen\u00e9st biztos\u00edt. Sz\u00e1m\u00edt\u00f3g\u00e9p-vez\u00e9relt elj\u00e1r\u00e1ssal k\u00e9sz\u00fcl\u0151, tart\u00f3s \u00e9s mos\u00e1s\u00e1ll\u00f3 eredm\u00e9nyt ad. Kiv\u00e1l\u00f3 min\u0151s\u00e9g\u0171 h\u00edmz\u0151fonalakkal dolgozunk, amelyek hossz\u00fa t\u00e1von meg\u0151rzik \u00e9l\u00e9nk sz\u00edn\u00fcket. Ide\u00e1lis v\u00e1laszt\u00e1s p\u00f3l\u00f3k, sapk\u00e1k, t\u00e1sk\u00e1k \u00e9s egy\u00e9b textilterm\u00e9kek m\u00e1rk\u00e1z\u00e1s\u00e1hoz.<\/span><\/p>\n<p>[\/et_pb_accordion_item][et_pb_accordion_item title=&#8221;K\u00f6rszita nyom\u00e1s&#8221; _builder_version=&#8221;4.27.4&#8243; global_colors_info=&#8221;{}&#8221; open=&#8221;off&#8221;]<\/p>\n<p><span>Speci\u00e1lis elj\u00e1r\u00e1s hengeres \u00e9s dombor\u00fa fel\u00fclet\u0171 term\u00e9kek embl\u00e9m\u00e1z\u00e1s\u00e1hoz. A k\u00f6rszita technika lehet\u0151v\u00e9 teszi nagyobb fel\u00fcletek egyenletes lefed\u00e9s\u00e9t kiv\u00e1l\u00f3 min\u0151s\u00e9gben. K\u00fcl\u00f6n\u00f6sen alkalmas palackok, b\u00f6gr\u00e9k \u00e9s hasonl\u00f3 alak\u00fa t\u00e1rgyak k\u00f6rbemenetel\u0151 nyomtat\u00e1s\u00e1hoz. A m\u00f3dszer tart\u00f3s \u00e9s professzion\u00e1lis megjelen\u00e9st garant\u00e1l egyedi form\u00e1j\u00fa term\u00e9keken is.<\/span><\/p>\n<p>[\/et_pb_accordion_item][et_pb_accordion_item title=&#8221;Szublim\u00e1ci\u00f3 &#8221; _builder_version=&#8221;4.27.4&#8243; global_colors_info=&#8221;{}&#8221; open=&#8221;off&#8221;]<\/p>\n<p><span>A szublim\u00e1ci\u00f3s elj\u00e1r\u00e1s sor\u00e1n a fest\u00e9k g\u0151z form\u00e1ban az anyag szerkezet\u00e9be ker\u00fcl, tart\u00f3s \u00e9s mos\u00e1s\u00e1ll\u00f3 eredm\u00e9nyt biztos\u00edtva. M\u0171sz\u00e1las textileken \u00e9s speci\u00e1lisan el\u0151kezelt t\u00e1rgyakon alkalmazhat\u00f3 technika. A folyamat sor\u00e1n fot\u00f3realisztikus min\u0151s\u00e9g\u0171 nyomatokat \u00e9rhet\u00fcnk el \u00e9l\u00e9nk sz\u00ednekkel. Ide\u00e1lis v\u00e1laszt\u00e1s p\u00f3l\u00f3k, b\u00f6gr\u00e9k \u00e9s egy\u00e9b prom\u00f3ci\u00f3s term\u00e9kek embl\u00e9m\u00e1z\u00e1s\u00e1hoz.<\/span><\/p>\n<p>[\/et_pb_accordion_item][\/et_pb_accordion][\/et_pb_column][\/et_pb_row][et_pb_row _builder_version=&#8221;4.27.4&#8243; _module_preset=&#8221;default&#8221; width=&#8221;100%&#8221; max_width=&#8221;100%&#8221; custom_margin=&#8221;||-1px||false|false&#8221; custom_padding=&#8221;3px||2px|||&#8221; global_colors_info=&#8221;{}&#8221;][et_pb_column type=&#8221;4_4&#8243; _builder_version=&#8221;4.27.4&#8243; _module_preset=&#8221;default&#8221; global_colors_info=&#8221;{}&#8221;][et_pb_divider show_divider=&#8221;off&#8221; _builder_version=&#8221;4.27.4&#8243; _module_preset=&#8221;default&#8221; background_enable_color=&#8221;off&#8221; use_background_color_gradient=&#8221;on&#8221; background_color_gradient_direction=&#8221;90deg&#8221; background_color_gradient_stops=&#8221;#ff8210 0%|#ff8210 65%|#000000 100%&#8221; height=&#8221;30px&#8221; height_tablet=&#8221;30px&#8221; height_phone=&#8221;30px&#8221; height_last_edited=&#8221;on|phone&#8221; custom_margin=&#8221;50px||-2px||false|false&#8221; custom_padding=&#8221;||0px||false|false&#8221; global_colors_info=&#8221;{}&#8221;][\/et_pb_divider][\/et_pb_column][\/et_pb_row][\/et_pb_section]<\/p>\n","protected":false},"excerpt":{"rendered":"<p>EMBL\u00c9M\u00c1Z\u00c1S Az embl\u00e9m\u00e1z\u00e1s hat\u00e9kony marketing eszk\u00f6z, amely hossz\u00fa t\u00e1von \u00e9p\u00edti a m\u00e1rka ismerts\u00e9g\u00e9t. A log\u00f3 vagy c\u00e9ges \u00fczenet felhelyez\u00e9s\u00e9vel a mindennapi term\u00e9k szem\u00e9lyes kapcsolatot teremt az \u00fcgyfelekkel, mik\u00f6zben folyamatosan eml\u00e9kezteti \u0151ket v\u00e1llalkoz\u00e1s\u00e1ra. Milyen lehet\u0151s\u00e9gek vannak?A legmodernebb UV nyomtat\u00e1si technol\u00f3gia seg\u00edts\u00e9g\u00e9vel k\u00f6zvetlen nyomtat\u00e1st v\u00e9gz\u00fcnk sz\u00e1mos fel\u00fcletre. Kiv\u00e1l\u00f3 min\u0151s\u00e9g\u0171, \u00e9l\u00e9nk sz\u00ednekkel reproduk\u00e1lja a leg\u00f6sszetettebb grafik\u00e1kat is. A k\u00fcl\u00f6nb\u00f6z\u0151 anyagokra alkalmazhat\u00f3 elj\u00e1r\u00e1s rendk\u00edv\u00fcl tart\u00f3s \u00e9s id\u0151j\u00e1r\u00e1s\u00e1ll\u00f3 eredm\u00e9nyt biztos\u00edt. Ide\u00e1lis v\u00e1laszt\u00e1s r\u00e9szletgazdag log\u00f3k \u00e9s teljes sz\u00edn\u0171 k\u00e9pek embl\u00e9m\u00e1z\u00e1s\u00e1hoz.A grav\u00edroz\u00e1s a legeleg\u00e1nsabb \u00e9s legtart\u00f3sabb embl\u00e9m\u00e1z\u00e1si m\u00f3dszer, amely l\u00e9zertechnol\u00f3gi\u00e1val k\u00e9sz\u00fcl. F\u00e9mt\u00e1rgyakon, fa fel\u00fcleteken \u00e9s \u00fcvegterm\u00e9keken egyar\u00e1nt alkalmazhat\u00f3 prec\u00edz kivitelez\u00e9ssel. Az anyagba m\u00e9lyed\u0151 felirat vagy logo id\u0151t\u00e1ll\u00f3 \u00e9s k\u00fcl\u00f6n\u00f6sen reprezentat\u00edv megjelen\u00e9st biztos\u00edt. K\u00fcl\u00f6n\u00f6sen aj\u00e1nlott pr\u00e9mium kateg\u00f3ri\u00e1s \u00fczleti aj\u00e1nd\u00e9kokhoz \u00e9s eml\u00e9klapokhoz.A szitanyom\u00e1s a leggyakrabban alkalmazott textil embl\u00e9m\u00e1z\u00e1si technika. Kiv\u00e1l\u00f3 fed\u0151k\u00e9pess\u00e9ggel rendelkezik \u00e9s \u00e9l\u00e9nk, tart\u00f3s sz\u00edneket eredm\u00e9nyez. Nagyobb mennyis\u00e9g\u0171 rendel\u00e9sekn\u00e9l k\u00fcl\u00f6n\u00f6sen k\u00f6lts\u00e9ghat\u00e9kony megold\u00e1s. A m\u00f3dszer alkalmas egyszer\u0171 log\u00f3kt\u00f3l a t\u00f6bbsz\u00edn\u0171 grafik\u00e1kig sz\u00e9les spektrum\u00fa embl\u00e9m\u00e1z\u00e1si feladatokra.A tamponnyom\u00e1s rugalmas szilikontampon seg\u00edts\u00e9g\u00e9vel viszi \u00e1t a fest\u00e9ket a term\u00e9k fel\u00fclet\u00e9re. K\u00fcl\u00f6n\u00f6sen alkalmas egyenetlen, dombor\u00fa vagy m\u00e9ly\u00edtett fel\u00fcletek embl\u00e9m\u00e1z\u00e1s\u00e1hoz. A m\u00f3dszer prec\u00edz \u00e9s tart\u00f3s eredm\u00e9nyt biztos\u00edt kisebb m\u00e9ret\u0171 log\u00f3k eset\u00e9n. Sz\u00e9les k\u00f6rben haszn\u00e1lhat\u00f3 k\u00fcl\u00f6nb\u00f6z\u0151 anyagok embl\u00e9m\u00e1z\u00e1s\u00e1n\u00e1l, m\u0171anyagt\u00f3l a f\u00e9men \u00e1t a ker\u00e1mi\u00e1n kereszt\u00fcl.Speci\u00e1lis ker\u00e1mia \u00e9s \u00fcveg nyomtat\u00e1si technol\u00f3gi\u00e1val k\u00e9sz\u00fcl\u0151 embl\u00e9m\u00e1z\u00e1s. A magas h\u0151m\u00e9rs\u00e9kleten r\u00f6gz\u00edtett [&hellip;]<\/p>\n","protected":false},"author":1,"featured_media":0,"parent":0,"menu_order":0,"comment_status":"closed","ping_status":"closed","template":"","meta":{"_et_pb_use_builder":"on","_et_pb_old_content":"","_et_gb_content_width":"","footnotes":""},"class_list":["post-15767796","page","type-page","status-publish","hentry"],"_links":{"self":[{"href":"https:\/\/szoroajandekok.hu\/index.php\/wp-json\/wp\/v2\/pages\/15767796","targetHints":{"allow":["GET"]}}],"collection":[{"href":"https:\/\/szoroajandekok.hu\/index.php\/wp-json\/wp\/v2\/pages"}],"about":[{"href":"https:\/\/szoroajandekok.hu\/index.php\/wp-json\/wp\/v2\/types\/page"}],"author":[{"embeddable":true,"href":"https:\/\/szoroajandekok.hu\/index.php\/wp-json\/wp\/v2\/users\/1"}],"replies":[{"embeddable":true,"href":"https:\/\/szoroajandekok.hu\/index.php\/wp-json\/wp\/v2\/comments?post=15767796"}],"version-history":[{"count":7,"href":"https:\/\/szoroajandekok.hu\/index.php\/wp-json\/wp\/v2\/pages\/15767796\/revisions"}],"predecessor-version":[{"id":15767838,"href":"https:\/\/szoroajandekok.hu\/index.php\/wp-json\/wp\/v2\/pages\/15767796\/revisions\/15767838"}],"wp:attachment":[{"href":"https:\/\/szoroajandekok.hu\/index.php\/wp-json\/wp\/v2\/media?parent=15767796"}],"curies":[{"name":"wp","href":"https:\/\/api.w.org\/{rel}","templated":true}]}}